{"id":2,"date":"2026-03-01T16:33:39","date_gmt":"2026-03-01T19:33:39","guid":{"rendered":"http:\/\/blog-rodolfoberlese-com.umbler.net\/public\/?page_id=2"},"modified":"2026-03-09T15:38:21","modified_gmt":"2026-03-09T18:38:21","slug":"sobre-rodolfo","status":"publish","type":"page","link":"https:\/\/blog.rodolfoberlese.com\/?page_id=2","title":{"rendered":"Sobre o Rodolfo"},"content":{"rendered":"\n<figure class=\"wp-block-image size-large\"><img loading=\"lazy\" decoding=\"async\" width=\"768\" height=\"1024\" src=\"http:\/\/blog.rodolfoberlese.com\/wp-content\/uploads\/2026\/03\/IMG_2028-768x1024.jpeg\" alt=\"rodolfo em tomar sorrindo\" class=\"wp-image-48\" style=\"aspect-ratio:3\/2;object-fit:cover\" srcset=\"https:\/\/blog.rodolfoberlese.com\/wp-content\/uploads\/2026\/03\/IMG_2028-768x1024.jpeg 768w, https:\/\/blog.rodolfoberlese.com\/wp-content\/uploads\/2026\/03\/IMG_2028-225x300.jpeg 225w, https:\/\/blog.rodolfoberlese.com\/wp-content\/uploads\/2026\/03\/IMG_2028-1152x1536.jpeg 1152w, https:\/\/blog.rodolfoberlese.com\/wp-content\/uploads\/2026\/03\/IMG_2028-900x1200.jpeg 900w, https:\/\/blog.rodolfoberlese.com\/wp-content\/uploads\/2026\/03\/IMG_2028-1280x1707.jpeg 1280w, https:\/\/blog.rodolfoberlese.com\/wp-content\/uploads\/2026\/03\/IMG_2028.jpeg 1536w\" sizes=\"auto, (max-width: 768px) 100vw, 768px\" \/><\/figure>\n\n\n\n<p>Equil\u00edbrio, liberdade e transforma\u00e7\u00e3o.<\/p>\n\n\n\n<p>Rodolfo Berlese \u00e9 um autor de valores bem claros: a busca por uma vida equilibrada, o m\u00e1ximo de liberdade poss\u00edvel, e a capacidade de transforma\u00e7\u00e3o individual como a mais vers\u00e1til das ferramentas para o crescimento pessoal e espiritual.<\/p>\n\n\n\n<p>Nascido em 1995, no interior do Rio Grande do Sul, teve a sorte de crescer com o equil\u00edbrio da vida offline e online, nesta se aprofundando no universo dos livros, jogos de cartas, MMORPGs, mang\u00e1s e animes, enquanto fora da rede, buscava se encontrar no caminho da vida, na raz\u00e3o da exist\u00eancia, na conex\u00e3o com o divino: a alma do Ser.<\/p>\n\n\n\n<p>V\u00ea o <a href=\"https:\/\/blog.rodolfoberlese.com\/bitcoin\">Bitcoin<\/a> como uma solu\u00e7\u00e3o para complementar seus tr\u00eas valores.<\/p>\n\n\n\n<p><a href=\"https:\/\/blog.rodolfoberlese.com\/power-heart-1\">Power Heart<\/a> \u00e9 sua primeira obra, a qual, inspirado nas suas pr\u00f3prias agonias internas da adolesc\u00eancia, conta a hist\u00f3ria de Krian Heart, o garoto que sente um vazio no peito e busca encontrar seu lugar no mundo enquanto desvenda os mist\u00e9rios da alma humana.<\/p>\n\n\n\n<blockquote class=\"wp-block-quote is-layout-flow wp-block-quote-is-layout-flow\">\n<p>Ambi\u00e7\u00e3o \u00e9 uma palavra muito ego\u00edsta, prefiro dizer que tenho um sonho.<\/p>\n\n\n\n<p class=\"has-text-align-right\">Olexa, Power Heart<\/p>\n<\/blockquote>\n","protected":false},"excerpt":{"rendered":"<p>Equil\u00edbrio, liberdade e transforma\u00e7\u00e3o. Rodolfo Berlese \u00e9 um autor de valores bem claros: a busca por uma vida equilibrada, o m\u00e1ximo de liberdade poss\u00edvel, e a capacidade de transforma\u00e7\u00e3o individual como a mais vers\u00e1til das ferramentas para o crescimento pessoal e espiritual. Nascido em 1995, no interior do Rio Grande do Sul, teve a sorte [&hellip;]<\/p>\n","protected":false},"author":1,"featured_media":58,"parent":0,"menu_order":0,"comment_status":"closed","ping_status":"closed","template":"","meta":{"footnotes":""},"class_list":["post-2","page","type-page","status-publish","has-post-thumbnail","hentry"],"_links":{"self":[{"href":"https:\/\/blog.rodolfoberlese.com\/index.php?rest_route=\/wp\/v2\/pages\/2","targetHints":{"allow":["GET"]}}],"collection":[{"href":"https:\/\/blog.rodolfoberlese.com\/index.php?rest_route=\/wp\/v2\/pages"}],"about":[{"href":"https:\/\/blog.rodolfoberlese.com\/index.php?rest_route=\/wp\/v2\/types\/page"}],"author":[{"embeddable":true,"href":"https:\/\/blog.rodolfoberlese.com\/index.php?rest_route=\/wp\/v2\/users\/1"}],"replies":[{"embeddable":true,"href":"https:\/\/blog.rodolfoberlese.com\/index.php?rest_route=%2Fwp%2Fv2%2Fcomments&post=2"}],"version-history":[{"count":4,"href":"https:\/\/blog.rodolfoberlese.com\/index.php?rest_route=\/wp\/v2\/pages\/2\/revisions"}],"predecessor-version":[{"id":66,"href":"https:\/\/blog.rodolfoberlese.com\/index.php?rest_route=\/wp\/v2\/pages\/2\/revisions\/66"}],"wp:featuredmedia":[{"embeddable":true,"href":"https:\/\/blog.rodolfoberlese.com\/index.php?rest_route=\/wp\/v2\/media\/58"}],"wp:attachment":[{"href":"https:\/\/blog.rodolfoberlese.com\/index.php?rest_route=%2Fwp%2Fv2%2Fmedia&parent=2"}],"curies":[{"name":"wp","href":"https:\/\/api.w.org\/{rel}","templated":true}]}}